{"id":98,"date":"2025-05-18T17:52:02","date_gmt":"2025-05-18T15:52:02","guid":{"rendered":"https:\/\/lechantdesrivieres.org\/?page_id=98"},"modified":"2026-02-16T12:34:56","modified_gmt":"2026-02-16T11:34:56","slug":"projet-hydroelectricite","status":"publish","type":"page","link":"https:\/\/lechantdesrivieres.org\/index.php\/projet-hydroelectricite\/","title":{"rendered":"Projet Hydroelectricite"},"content":{"rendered":"\n<p class=\"has-drop-cap\" style=\"font-size:24px\"><strong>Petits et grands barrages hydro\u00e9lectriques, r\u00e9parons nos rivi\u00e8res<\/strong><\/p>\n\n\n\n\n\n\n\n<p>Nos ruisseaux, torrents, rivi\u00e8res, fleuves ont \u00e9t\u00e9 massivement am\u00e9nag\u00e9s, notamment pour la production d\u2019\u00e9lectricit\u00e9 tout au long du XX \u00e9me si\u00e8cle. Ces am\u00e9nagements ont pris le relais de dizaines de milliers de moulins \u00e9difi\u00e9s sur nos cours d\u2019eau au fil des si\u00e8cles.&nbsp;<\/p>\n\n\n\n<p>Si les barrages ont permis de produire ce bien essentiel qu\u2019est l\u2019\u00e9lectricit\u00e9, ils ont contribu\u00e9 \u00e0 appauvrissement des milieux aquatiques d\u2019eau courante, notamment \u00e0 la disparition des poissons migrateurs, le saumon, l\u2019anguille, l\u2019alose, les lamproies, la truite de mer.&nbsp;<\/p>\n\n\n\n<p>Aujourd\u2019hui, 500 grands barrages et environ 2500 microcentrales harnachent nos rivi\u00e8res, dont tout le monde comprend qu\u2019il est temps de restaurer la biodiversit\u00e9. Sous la conduite de diverses institutions, les ouvrages sont \u00e9quip\u00e9s d\u2019\u00e9chelle \u00e0 poissons, de rivi\u00e8res de contournement. Mais parfois, le mieux est d\u2019effacer ceux qui posent le plus de probl\u00e8mes \u00e9cologiques et de les remplacer par exemple par des installations solaires ou \u00e9oliennes qui, quand elles sont bien con\u00e7ues, causent moins de dommages sur la biodiversit\u00e9.&nbsp;<\/p>\n\n\n\n<p>EDF a donn\u00e9 l\u2019exemple dans le Haut Allier, en Haute-Loire. L\u2019entreprise a reconfigur\u00e9 entre 2018 et 2022 le vieux barrage de Pout\u00e8s, construit en 1941. Le \u00ab&nbsp;Nouveau Pout\u00e8s&nbsp;\u00bb, un investissement de 20 millions d\u2019euros est un ouvrage moderne totalement transparent durant 3 mois de l\u2019ann\u00e9e, pendant la p\u00e9riode de migration des saumons. Le Chant des Rivi\u00e8res a accompagn\u00e9 cette op\u00e9ration pilote \u00e0 l\u2019\u00e9chelle mondiale.&nbsp;<\/p>\n\n\n\n<p>L\u2019entreprise doit maintenant am\u00e9nager le seuil de la centrale nucl\u00e9aire de Saint Laurent des Eaux, vers Orl\u00e9ans.&nbsp;<\/p>\n\n\n\n<p><\/p>\n\n\n\n<p><\/p>\n\n\n\n<div data-wp-interactive=\"core\/file\" class=\"wp-block-file\"><object data-wp-bind--hidden=\"!state.hasPdfPreview\" hidden class=\"wp-block-file__embed\" data=\"https:\/\/lechantdesrivieres.org\/wp-content\/uploads\/2025\/05\/BrochureWWFPoutes4effacements21oct2008_compressed-2.pdf\" type=\"application\/pdf\" style=\"width:100%;height:600px\" aria-label=\"Embed of BrochureWWFPoute\u0300s4effacements21oct2008_compressed.\"><\/object><a id=\"wp-block-file--media-473ac4b1-7a8f-4ecd-86d6-918d11f168dc\" href=\"https:\/\/lechantdesrivieres.org\/wp-content\/uploads\/2025\/05\/BrochureWWFPoutes4effacements21oct2008_compressed-2.pdf\">BrochureWWFPoute\u0300s4effacements21oct2008_compressed<\/a><a href=\"https:\/\/lechantdesrivieres.org\/wp-content\/uploads\/2025\/05\/BrochureWWFPoutes4effacements21oct2008_compressed-2.pdf\" class=\"wp-block-file__button wp-element-button\" download aria-describedby=\"wp-block-file--media-473ac4b1-7a8f-4ecd-86d6-918d11f168dc\">T\u00e9l\u00e9charger<\/a><\/div>\n\n\n\n<p><\/p>\n\n\n\n<div data-wp-interactive=\"core\/file\" class=\"wp-block-file\"><object data-wp-bind--hidden=\"!state.hasPdfPreview\" hidden class=\"wp-block-file__embed\" data=\"https:\/\/lechantdesrivieres.org\/wp-content\/uploads\/2025\/05\/DepliantNouveauPoutesmars2019Def-2.pdf\" type=\"application\/pdf\" style=\"width:100%;height:600px\" aria-label=\"Embed of DepliantNouveauPoutesmars2019De\u0301f.\"><\/object><a id=\"wp-block-file--media-8002555c-c9bc-4386-990e-4e4cb26c00b2\" href=\"https:\/\/lechantdesrivieres.org\/wp-content\/uploads\/2025\/05\/DepliantNouveauPoutesmars2019Def-2.pdf\">DepliantNouveauPoutesmars2019De\u0301f<\/a><a href=\"https:\/\/lechantdesrivieres.org\/wp-content\/uploads\/2025\/05\/DepliantNouveauPoutesmars2019Def-2.pdf\" class=\"wp-block-file__button wp-element-button\" download aria-describedby=\"wp-block-file--media-8002555c-c9bc-4386-990e-4e4cb26c00b2\">T\u00e9l\u00e9charger<\/a><\/div>\n\n\n\n<p><\/p>\n\n\n\n<p class=\"has-drop-cap\" style=\"font-size:26px\"><strong>Agir pour la restauration des rivi\u00e8res, sources de vie.&nbsp;<\/strong><\/p>\n\n\n\n<p>&nbsp;<\/p>\n\n\n\n\n\n<p><\/p>\n\n\n\n<p><\/p>\n\n\n\n<div data-wp-interactive=\"core\/file\" class=\"wp-block-file\"><object data-wp-bind--hidden=\"!state.hasPdfPreview\" hidden class=\"wp-block-file__embed\" data=\"https:\/\/lechantdesrivieres.org\/wp-content\/uploads\/2025\/05\/Docmicro-centralesRivieresAlpinesChantRivieres-Rivieres-SauvagesFNE-pecheurs-MW-FFCK-2021_compressed-2.pdf\" type=\"application\/pdf\" style=\"width:100%;height:600px\" aria-label=\"Embed of Docmicro-centralesRivie\u0300resAlpinesChantRivie\u0300res, Rivie\u0300res Sauvages,FNE, pe\u0302cheurs, MW, FFCK 2021_compressed.\"><\/object><a id=\"wp-block-file--media-6297b941-8b37-4f9d-99ec-63788991202e\" href=\"https:\/\/lechantdesrivieres.org\/wp-content\/uploads\/2025\/05\/Docmicro-centralesRivieresAlpinesChantRivieres-Rivieres-SauvagesFNE-pecheurs-MW-FFCK-2021_compressed-2.pdf\">Docmicro-centralesRivie\u0300resAlpinesChantRivie\u0300res, Rivie\u0300res Sauvages,FNE, pe\u0302cheurs, MW, FFCK 2021_compressed<\/a><a href=\"https:\/\/lechantdesrivieres.org\/wp-content\/uploads\/2025\/05\/Docmicro-centralesRivieresAlpinesChantRivieres-Rivieres-SauvagesFNE-pecheurs-MW-FFCK-2021_compressed-2.pdf\" class=\"wp-block-file__button wp-element-button\" download aria-describedby=\"wp-block-file--media-6297b941-8b37-4f9d-99ec-63788991202e\">T\u00e9l\u00e9charger<\/a><\/div>\n\n\n\n\n<ul class=\"wp-block-latest-posts__list wp-block-latest-posts style--widget-box style-local--widget-box wp-block-kubio-core-latest-posts__widget-box\"><li><a class=\"wp-block-latest-posts__post-title\" href=\"https:\/\/lechantdesrivieres.org\/index.php\/2026\/02\/16\/taravo-contre-la-construction-de-3-microcentrales-officiel-2026\/\">Taravo :  contre la construction de 3 microcentrales (officiel 2026)<\/a><\/li>\n<\/ul>\n\n\n\n","protected":false},"excerpt":{"rendered":"<p>Petits et grands barrages hydro\u00e9lectriques, r\u00e9parons nos rivi\u00e8res Nos ruisseaux, torrents, rivi\u00e8res, fleuves ont \u00e9t\u00e9 massivement am\u00e9nag\u00e9s, notamment pour la production d\u2019\u00e9lectricit\u00e9 tout au long du XX \u00e9me si\u00e8cle. Ces am\u00e9nagements ont pris le relais de dizaines de milliers de moulins \u00e9difi\u00e9s sur nos cours d\u2019eau au fil des si\u00e8cles.&nbsp; Si les barrages ont permis [&hellip;]<\/p>\n","protected":false},"author":7,"featured_media":0,"parent":0,"menu_order":0,"comment_status":"closed","ping_status":"closed","template":"full-width","meta":{"saved_in_kubio":true,"footnotes":""},"class_list":["post-98","page","type-page","status-publish","hentry"],"kubio_ai_page_context":{"short_desc":"","purpose":"general"},"yoast_head":"<!-- This site is optimized with the Yoast SEO plugin v25.2 - https:\/\/yoast.com\/wordpress\/plugins\/seo\/ -->\n<title>Projet Hydroelectricite - Homme, n\u2019oublie jamais qu\u2019un fleuve est une vie (Bernard Clavel).<\/title>\n<meta name=\"robots\" content=\"index, follow, max-snippet:-1, max-image-preview:large, max-video-preview:-1\" \/>\n<link rel=\"canonical\" href=\"https:\/\/lechantdesrivieres.org\/index.php\/projet-hydroelectricite\/\" \/>\n<meta property=\"og:locale\" content=\"en_US\" \/>\n<meta property=\"og:type\" content=\"article\" \/>\n<meta property=\"og:title\" content=\"Projet Hydroelectricite - Homme, n\u2019oublie jamais qu\u2019un fleuve est une vie (Bernard Clavel).\" \/>\n<meta property=\"og:description\" content=\"Petits et grands barrages hydro\u00e9lectriques, r\u00e9parons nos rivi\u00e8res Nos ruisseaux, torrents, rivi\u00e8res, fleuves ont \u00e9t\u00e9 massivement am\u00e9nag\u00e9s, notamment pour la production d\u2019\u00e9lectricit\u00e9 tout au long du XX \u00e9me si\u00e8cle. Ces am\u00e9nagements ont pris le relais de dizaines de milliers de moulins \u00e9difi\u00e9s sur nos cours d\u2019eau au fil des si\u00e8cles.&nbsp; Si les barrages ont permis [&hellip;]\" \/>\n<meta property=\"og:url\" content=\"https:\/\/lechantdesrivieres.org\/index.php\/projet-hydroelectricite\/\" \/>\n<meta property=\"og:site_name\" content=\"Homme, n\u2019oublie jamais qu\u2019un fleuve est une vie (Bernard Clavel).\" \/>\n<meta property=\"article:modified_time\" content=\"2026-02-16T11:34:56+00:00\" \/>\n<meta name=\"twitter:card\" content=\"summary_large_image\" \/>\n<meta name=\"twitter:label1\" content=\"Est. reading time\" \/>\n\t<meta name=\"twitter:data1\" content=\"2 minutes\" \/>\n<script type=\"application\/ld+json\" class=\"yoast-schema-graph\">{\"@context\":\"https:\/\/schema.org\",\"@graph\":[{\"@type\":\"WebPage\",\"@id\":\"https:\/\/lechantdesrivieres.org\/index.php\/projet-hydroelectricite\/\",\"url\":\"https:\/\/lechantdesrivieres.org\/index.php\/projet-hydroelectricite\/\",\"name\":\"Projet Hydroelectricite - Homme, n\u2019oublie jamais qu\u2019un fleuve est une vie (Bernard Clavel).\",\"isPartOf\":{\"@id\":\"https:\/\/lechantdesrivieres.org\/#website\"},\"datePublished\":\"2025-05-18T15:52:02+00:00\",\"dateModified\":\"2026-02-16T11:34:56+00:00\",\"breadcrumb\":{\"@id\":\"https:\/\/lechantdesrivieres.org\/index.php\/projet-hydroelectricite\/#breadcrumb\"},\"inLanguage\":\"en-US\",\"potentialAction\":[{\"@type\":\"ReadAction\",\"target\":[\"https:\/\/lechantdesrivieres.org\/index.php\/projet-hydroelectricite\/\"]}]},{\"@type\":\"BreadcrumbList\",\"@id\":\"https:\/\/lechantdesrivieres.org\/index.php\/projet-hydroelectricite\/#breadcrumb\",\"itemListElement\":[{\"@type\":\"ListItem\",\"position\":1,\"name\":\"Accueil\",\"item\":\"https:\/\/lechantdesrivieres.org\/\"},{\"@type\":\"ListItem\",\"position\":2,\"name\":\"Projet Hydroelectricite\"}]},{\"@type\":\"WebSite\",\"@id\":\"https:\/\/lechantdesrivieres.org\/#website\",\"url\":\"https:\/\/lechantdesrivieres.org\/\",\"name\":\"Le chant des rivi\u00e8res\",\"description\":\"Un site utilisant WordPress\",\"publisher\":{\"@id\":\"https:\/\/lechantdesrivieres.org\/#organization\"},\"potentialAction\":[{\"@type\":\"SearchAction\",\"target\":{\"@type\":\"EntryPoint\",\"urlTemplate\":\"https:\/\/lechantdesrivieres.org\/?s={search_term_string}\"},\"query-input\":{\"@type\":\"PropertyValueSpecification\",\"valueRequired\":true,\"valueName\":\"search_term_string\"}}],\"inLanguage\":\"en-US\"},{\"@type\":\"Organization\",\"@id\":\"https:\/\/lechantdesrivieres.org\/#organization\",\"name\":\"Homme, n\u2019oublie jamais qu\u2019un fleuve est une vie (Bernard Clavel).\",\"url\":\"https:\/\/lechantdesrivieres.org\/\",\"logo\":{\"@type\":\"ImageObject\",\"inLanguage\":\"en-US\",\"@id\":\"https:\/\/lechantdesrivieres.org\/#\/schema\/logo\/image\/\",\"url\":\"https:\/\/lechantdesrivieres.org\/wp-content\/uploads\/2025\/05\/LogoLeChantDesRivieres.jpg\",\"contentUrl\":\"https:\/\/lechantdesrivieres.org\/wp-content\/uploads\/2025\/05\/LogoLeChantDesRivieres.jpg\",\"width\":224,\"height\":156,\"caption\":\"Homme, n\u2019oublie jamais qu\u2019un fleuve est une vie (Bernard Clavel).\"},\"image\":{\"@id\":\"https:\/\/lechantdesrivieres.org\/#\/schema\/logo\/image\/\"}}]}<\/script>\n<!-- \/ Yoast SEO plugin. -->","yoast_head_json":{"title":"Projet Hydroelectricite - Homme, n\u2019oublie jamais qu\u2019un fleuve est une vie (Bernard Clavel).","robots":{"index":"index","follow":"follow","max-snippet":"max-snippet:-1","max-image-preview":"max-image-preview:large","max-video-preview":"max-video-preview:-1"},"canonical":"https:\/\/lechantdesrivieres.org\/index.php\/projet-hydroelectricite\/","og_locale":"en_US","og_type":"article","og_title":"Projet Hydroelectricite - Homme, n\u2019oublie jamais qu\u2019un fleuve est une vie (Bernard Clavel).","og_description":"Petits et grands barrages hydro\u00e9lectriques, r\u00e9parons nos rivi\u00e8res Nos ruisseaux, torrents, rivi\u00e8res, fleuves ont \u00e9t\u00e9 massivement am\u00e9nag\u00e9s, notamment pour la production d\u2019\u00e9lectricit\u00e9 tout au long du XX \u00e9me si\u00e8cle. Ces am\u00e9nagements ont pris le relais de dizaines de milliers de moulins \u00e9difi\u00e9s sur nos cours d\u2019eau au fil des si\u00e8cles.&nbsp; Si les barrages ont permis [&hellip;]","og_url":"https:\/\/lechantdesrivieres.org\/index.php\/projet-hydroelectricite\/","og_site_name":"Homme, n\u2019oublie jamais qu\u2019un fleuve est une vie (Bernard Clavel).","article_modified_time":"2026-02-16T11:34:56+00:00","twitter_card":"summary_large_image","twitter_misc":{"Est. reading time":"2 minutes"},"schema":{"@context":"https:\/\/schema.org","@graph":[{"@type":"WebPage","@id":"https:\/\/lechantdesrivieres.org\/index.php\/projet-hydroelectricite\/","url":"https:\/\/lechantdesrivieres.org\/index.php\/projet-hydroelectricite\/","name":"Projet Hydroelectricite - Homme, n\u2019oublie jamais qu\u2019un fleuve est une vie (Bernard Clavel).","isPartOf":{"@id":"https:\/\/lechantdesrivieres.org\/#website"},"datePublished":"2025-05-18T15:52:02+00:00","dateModified":"2026-02-16T11:34:56+00:00","breadcrumb":{"@id":"https:\/\/lechantdesrivieres.org\/index.php\/projet-hydroelectricite\/#breadcrumb"},"inLanguage":"en-US","potentialAction":[{"@type":"ReadAction","target":["https:\/\/lechantdesrivieres.org\/index.php\/projet-hydroelectricite\/"]}]},{"@type":"BreadcrumbList","@id":"https:\/\/lechantdesrivieres.org\/index.php\/projet-hydroelectricite\/#breadcrumb","itemListElement":[{"@type":"ListItem","position":1,"name":"Accueil","item":"https:\/\/lechantdesrivieres.org\/"},{"@type":"ListItem","position":2,"name":"Projet Hydroelectricite"}]},{"@type":"WebSite","@id":"https:\/\/lechantdesrivieres.org\/#website","url":"https:\/\/lechantdesrivieres.org\/","name":"Le chant des rivi\u00e8res","description":"Un site utilisant WordPress","publisher":{"@id":"https:\/\/lechantdesrivieres.org\/#organization"},"potentialAction":[{"@type":"SearchAction","target":{"@type":"EntryPoint","urlTemplate":"https:\/\/lechantdesrivieres.org\/?s={search_term_string}"},"query-input":{"@type":"PropertyValueSpecification","valueRequired":true,"valueName":"search_term_string"}}],"inLanguage":"en-US"},{"@type":"Organization","@id":"https:\/\/lechantdesrivieres.org\/#organization","name":"Homme, n\u2019oublie jamais qu\u2019un fleuve est une vie (Bernard Clavel).","url":"https:\/\/lechantdesrivieres.org\/","logo":{"@type":"ImageObject","inLanguage":"en-US","@id":"https:\/\/lechantdesrivieres.org\/#\/schema\/logo\/image\/","url":"https:\/\/lechantdesrivieres.org\/wp-content\/uploads\/2025\/05\/LogoLeChantDesRivieres.jpg","contentUrl":"https:\/\/lechantdesrivieres.org\/wp-content\/uploads\/2025\/05\/LogoLeChantDesRivieres.jpg","width":224,"height":156,"caption":"Homme, n\u2019oublie jamais qu\u2019un fleuve est une vie (Bernard Clavel)."},"image":{"@id":"https:\/\/lechantdesrivieres.org\/#\/schema\/logo\/image\/"}}]}},"_links":{"self":[{"href":"https:\/\/lechantdesrivieres.org\/index.php\/wp-json\/wp\/v2\/pages\/98","targetHints":{"allow":["GET"]}}],"collection":[{"href":"https:\/\/lechantdesrivieres.org\/index.php\/wp-json\/wp\/v2\/pages"}],"about":[{"href":"https:\/\/lechantdesrivieres.org\/index.php\/wp-json\/wp\/v2\/types\/page"}],"author":[{"embeddable":true,"href":"https:\/\/lechantdesrivieres.org\/index.php\/wp-json\/wp\/v2\/users\/7"}],"replies":[{"embeddable":true,"href":"https:\/\/lechantdesrivieres.org\/index.php\/wp-json\/wp\/v2\/comments?post=98"}],"version-history":[{"count":22,"href":"https:\/\/lechantdesrivieres.org\/index.php\/wp-json\/wp\/v2\/pages\/98\/revisions"}],"predecessor-version":[{"id":564,"href":"https:\/\/lechantdesrivieres.org\/index.php\/wp-json\/wp\/v2\/pages\/98\/revisions\/564"}],"wp:attachment":[{"href":"https:\/\/lechantdesrivieres.org\/index.php\/wp-json\/wp\/v2\/media?parent=98"}],"curies":[{"name":"wp","href":"https:\/\/api.w.org\/{rel}","templated":true}]}}