{"id":435,"date":"2025-05-24T20:48:10","date_gmt":"2025-05-24T18:48:10","guid":{"rendered":"https:\/\/lechantdesrivieres.org\/?page_id=435"},"modified":"2025-05-24T21:05:13","modified_gmt":"2025-05-24T19:05:13","slug":"rejoignez-nous","status":"publish","type":"page","link":"https:\/\/lechantdesrivieres.org\/index.php\/rejoignez-nous\/","title":{"rendered":"Rejoignez-nous"},"content":{"rendered":"\n<p>Nous utilisons comme bon nombre d&#8217;associations en France le syst\u00e8me d&#8217;<a href=\"https:\/\/www.helloasso.com\/\" target=\"_blank\" rel=\"noreferrer noopener\">HelloAsso<\/a> pour la gestion de vos adh\u00e9sions et de vos dons.<\/p>\n\n\n\n<p>Le paiement en ligne est ainsi s\u00e9curis\u00e9 par le biais de leur plateforme.<\/p>\n\n\n\n<p><strong>Merci pour votre adh\u00e9sion et votre soutien !<\/strong><\/p>\n\n\n\n\n<BLOCKQUOTE><iframe id=\"haWidget\" allowtransparency=\"true\" scrolling=\"auto\" src=\"https:\/\/www.helloasso.com\/associations\/le-chant-des-rivieres\/adhesions\/adhesions-chant-des-rivieres\/widget\" style=\"width:100%;height:750px;border:none;\" onload=\"window.scroll(0, this.offsetTop)\"><\/iframe><div style=\"width:100%;text-align:center;\">Propuls\u00e9 par <a href=\"https:\/\/www.helloasso.com\" rel=\"nofollow\">HelloAsso<\/a><\/div><\/BLOCKQUOTE>","protected":false},"excerpt":{"rendered":"<p>Nous utilisons comme bon nombre d&#8217;associations en France le syst\u00e8me d&#8217;HelloAsso pour la gestion de vos adh\u00e9sions et de vos dons. Le paiement en ligne est ainsi s\u00e9curis\u00e9 par le biais de leur plateforme. Merci pour votre adh\u00e9sion et votre soutien ! Propuls\u00e9 par HelloAsso<\/p>\n","protected":false},"author":1,"featured_media":0,"parent":0,"menu_order":0,"comment_status":"closed","ping_status":"closed","template":"full-width","meta":{"saved_in_kubio":true,"footnotes":""},"class_list":["post-435","page","type-page","status-publish","hentry"],"kubio_ai_page_context":{"short_desc":"","purpose":"general"},"yoast_head":"<!-- This site is optimized with the Yoast SEO plugin v25.2 - https:\/\/yoast.com\/wordpress\/plugins\/seo\/ -->\n<title>Rejoignez-nous - Homme, n\u2019oublie jamais qu\u2019un fleuve est une vie (Bernard Clavel).<\/title>\n<meta name=\"robots\" content=\"index, follow, max-snippet:-1, max-image-preview:large, max-video-preview:-1\" \/>\n<link rel=\"canonical\" href=\"https:\/\/lechantdesrivieres.org\/index.php\/rejoignez-nous\/\" \/>\n<meta property=\"og:locale\" content=\"en_US\" \/>\n<meta property=\"og:type\" content=\"article\" \/>\n<meta property=\"og:title\" content=\"Rejoignez-nous - Homme, n\u2019oublie jamais qu\u2019un fleuve est une vie (Bernard Clavel).\" \/>\n<meta property=\"og:description\" content=\"Nous utilisons comme bon nombre d&#8217;associations en France le syst\u00e8me d&#8217;HelloAsso pour la gestion de vos adh\u00e9sions et de vos dons. Le paiement en ligne est ainsi s\u00e9curis\u00e9 par le biais de leur plateforme. Merci pour votre adh\u00e9sion et votre soutien ! Propuls\u00e9 par HelloAsso\" \/>\n<meta property=\"og:url\" content=\"https:\/\/lechantdesrivieres.org\/index.php\/rejoignez-nous\/\" \/>\n<meta property=\"og:site_name\" content=\"Homme, n\u2019oublie jamais qu\u2019un fleuve est une vie (Bernard Clavel).\" \/>\n<meta property=\"article:modified_time\" content=\"2025-05-24T19:05:13+00:00\" \/>\n<meta name=\"twitter:card\" content=\"summary_large_image\" \/>\n<script type=\"application\/ld+json\" class=\"yoast-schema-graph\">{\"@context\":\"https:\/\/schema.org\",\"@graph\":[{\"@type\":\"WebPage\",\"@id\":\"https:\/\/lechantdesrivieres.org\/index.php\/rejoignez-nous\/\",\"url\":\"https:\/\/lechantdesrivieres.org\/index.php\/rejoignez-nous\/\",\"name\":\"Rejoignez-nous - Homme, n\u2019oublie jamais qu\u2019un fleuve est une vie (Bernard Clavel).\",\"isPartOf\":{\"@id\":\"https:\/\/lechantdesrivieres.org\/#website\"},\"datePublished\":\"2025-05-24T18:48:10+00:00\",\"dateModified\":\"2025-05-24T19:05:13+00:00\",\"breadcrumb\":{\"@id\":\"https:\/\/lechantdesrivieres.org\/index.php\/rejoignez-nous\/#breadcrumb\"},\"inLanguage\":\"en-US\",\"potentialAction\":[{\"@type\":\"ReadAction\",\"target\":[\"https:\/\/lechantdesrivieres.org\/index.php\/rejoignez-nous\/\"]}]},{\"@type\":\"BreadcrumbList\",\"@id\":\"https:\/\/lechantdesrivieres.org\/index.php\/rejoignez-nous\/#breadcrumb\",\"itemListElement\":[{\"@type\":\"ListItem\",\"position\":1,\"name\":\"Accueil\",\"item\":\"https:\/\/lechantdesrivieres.org\/\"},{\"@type\":\"ListItem\",\"position\":2,\"name\":\"Rejoignez-nous\"}]},{\"@type\":\"WebSite\",\"@id\":\"https:\/\/lechantdesrivieres.org\/#website\",\"url\":\"https:\/\/lechantdesrivieres.org\/\",\"name\":\"Le chant des rivi\u00e8res\",\"description\":\"Un site utilisant WordPress\",\"publisher\":{\"@id\":\"https:\/\/lechantdesrivieres.org\/#organization\"},\"potentialAction\":[{\"@type\":\"SearchAction\",\"target\":{\"@type\":\"EntryPoint\",\"urlTemplate\":\"https:\/\/lechantdesrivieres.org\/?s={search_term_string}\"},\"query-input\":{\"@type\":\"PropertyValueSpecification\",\"valueRequired\":true,\"valueName\":\"search_term_string\"}}],\"inLanguage\":\"en-US\"},{\"@type\":\"Organization\",\"@id\":\"https:\/\/lechantdesrivieres.org\/#organization\",\"name\":\"Homme, n\u2019oublie jamais qu\u2019un fleuve est une vie (Bernard Clavel).\",\"url\":\"https:\/\/lechantdesrivieres.org\/\",\"logo\":{\"@type\":\"ImageObject\",\"inLanguage\":\"en-US\",\"@id\":\"https:\/\/lechantdesrivieres.org\/#\/schema\/logo\/image\/\",\"url\":\"https:\/\/lechantdesrivieres.org\/wp-content\/uploads\/2025\/05\/LogoLeChantDesRivieres.jpg\",\"contentUrl\":\"https:\/\/lechantdesrivieres.org\/wp-content\/uploads\/2025\/05\/LogoLeChantDesRivieres.jpg\",\"width\":224,\"height\":156,\"caption\":\"Homme, n\u2019oublie jamais qu\u2019un fleuve est une vie (Bernard Clavel).\"},\"image\":{\"@id\":\"https:\/\/lechantdesrivieres.org\/#\/schema\/logo\/image\/\"}}]}<\/script>\n<!-- \/ Yoast SEO plugin. -->","yoast_head_json":{"title":"Rejoignez-nous - Homme, n\u2019oublie jamais qu\u2019un fleuve est une vie (Bernard Clavel).","robots":{"index":"index","follow":"follow","max-snippet":"max-snippet:-1","max-image-preview":"max-image-preview:large","max-video-preview":"max-video-preview:-1"},"canonical":"https:\/\/lechantdesrivieres.org\/index.php\/rejoignez-nous\/","og_locale":"en_US","og_type":"article","og_title":"Rejoignez-nous - Homme, n\u2019oublie jamais qu\u2019un fleuve est une vie (Bernard Clavel).","og_description":"Nous utilisons comme bon nombre d&#8217;associations en France le syst\u00e8me d&#8217;HelloAsso pour la gestion de vos adh\u00e9sions et de vos dons. Le paiement en ligne est ainsi s\u00e9curis\u00e9 par le biais de leur plateforme. Merci pour votre adh\u00e9sion et votre soutien ! Propuls\u00e9 par HelloAsso","og_url":"https:\/\/lechantdesrivieres.org\/index.php\/rejoignez-nous\/","og_site_name":"Homme, n\u2019oublie jamais qu\u2019un fleuve est une vie (Bernard Clavel).","article_modified_time":"2025-05-24T19:05:13+00:00","twitter_card":"summary_large_image","schema":{"@context":"https:\/\/schema.org","@graph":[{"@type":"WebPage","@id":"https:\/\/lechantdesrivieres.org\/index.php\/rejoignez-nous\/","url":"https:\/\/lechantdesrivieres.org\/index.php\/rejoignez-nous\/","name":"Rejoignez-nous - Homme, n\u2019oublie jamais qu\u2019un fleuve est une vie (Bernard Clavel).","isPartOf":{"@id":"https:\/\/lechantdesrivieres.org\/#website"},"datePublished":"2025-05-24T18:48:10+00:00","dateModified":"2025-05-24T19:05:13+00:00","breadcrumb":{"@id":"https:\/\/lechantdesrivieres.org\/index.php\/rejoignez-nous\/#breadcrumb"},"inLanguage":"en-US","potentialAction":[{"@type":"ReadAction","target":["https:\/\/lechantdesrivieres.org\/index.php\/rejoignez-nous\/"]}]},{"@type":"BreadcrumbList","@id":"https:\/\/lechantdesrivieres.org\/index.php\/rejoignez-nous\/#breadcrumb","itemListElement":[{"@type":"ListItem","position":1,"name":"Accueil","item":"https:\/\/lechantdesrivieres.org\/"},{"@type":"ListItem","position":2,"name":"Rejoignez-nous"}]},{"@type":"WebSite","@id":"https:\/\/lechantdesrivieres.org\/#website","url":"https:\/\/lechantdesrivieres.org\/","name":"Le chant des rivi\u00e8res","description":"Un site utilisant WordPress","publisher":{"@id":"https:\/\/lechantdesrivieres.org\/#organization"},"potentialAction":[{"@type":"SearchAction","target":{"@type":"EntryPoint","urlTemplate":"https:\/\/lechantdesrivieres.org\/?s={search_term_string}"},"query-input":{"@type":"PropertyValueSpecification","valueRequired":true,"valueName":"search_term_string"}}],"inLanguage":"en-US"},{"@type":"Organization","@id":"https:\/\/lechantdesrivieres.org\/#organization","name":"Homme, n\u2019oublie jamais qu\u2019un fleuve est une vie (Bernard Clavel).","url":"https:\/\/lechantdesrivieres.org\/","logo":{"@type":"ImageObject","inLanguage":"en-US","@id":"https:\/\/lechantdesrivieres.org\/#\/schema\/logo\/image\/","url":"https:\/\/lechantdesrivieres.org\/wp-content\/uploads\/2025\/05\/LogoLeChantDesRivieres.jpg","contentUrl":"https:\/\/lechantdesrivieres.org\/wp-content\/uploads\/2025\/05\/LogoLeChantDesRivieres.jpg","width":224,"height":156,"caption":"Homme, n\u2019oublie jamais qu\u2019un fleuve est une vie (Bernard Clavel)."},"image":{"@id":"https:\/\/lechantdesrivieres.org\/#\/schema\/logo\/image\/"}}]}},"_links":{"self":[{"href":"https:\/\/lechantdesrivieres.org\/index.php\/wp-json\/wp\/v2\/pages\/435","targetHints":{"allow":["GET"]}}],"collection":[{"href":"https:\/\/lechantdesrivieres.org\/index.php\/wp-json\/wp\/v2\/pages"}],"about":[{"href":"https:\/\/lechantdesrivieres.org\/index.php\/wp-json\/wp\/v2\/types\/page"}],"author":[{"embeddable":true,"href":"https:\/\/lechantdesrivieres.org\/index.php\/wp-json\/wp\/v2\/users\/1"}],"replies":[{"embeddable":true,"href":"https:\/\/lechantdesrivieres.org\/index.php\/wp-json\/wp\/v2\/comments?post=435"}],"version-history":[{"count":4,"href":"https:\/\/lechantdesrivieres.org\/index.php\/wp-json\/wp\/v2\/pages\/435\/revisions"}],"predecessor-version":[{"id":442,"href":"https:\/\/lechantdesrivieres.org\/index.php\/wp-json\/wp\/v2\/pages\/435\/revisions\/442"}],"wp:attachment":[{"href":"https:\/\/lechantdesrivieres.org\/index.php\/wp-json\/wp\/v2\/media?parent=435"}],"curies":[{"name":"wp","href":"https:\/\/api.w.org\/{rel}","templated":true}]}}