{"id":14,"date":"2025-02-22T14:02:20","date_gmt":"2025-02-22T13:02:20","guid":{"rendered":"https:\/\/lechantdesrivieres.org\/index.php\/front_page\/"},"modified":"2025-05-31T17:15:22","modified_gmt":"2025-05-31T15:15:22","slug":"front_page","status":"publish","type":"page","link":"https:\/\/lechantdesrivieres.org\/","title":{"rendered":"Accueil"},"content":{"rendered":"\n\n\n\n","protected":false},"excerpt":{"rendered":"","protected":false},"author":1,"featured_media":0,"parent":0,"menu_order":0,"comment_status":"closed","ping_status":"closed","template":"","meta":{"saved_in_kubio":true,"footnotes":""},"class_list":["post-14","page","type-page","status-publish","hentry"],"kubio_ai_page_context":{"short_desc":"","purpose":"general"},"yoast_head":"<!-- This site is optimized with the Yoast SEO plugin v25.2 - https:\/\/yoast.com\/wordpress\/plugins\/seo\/ -->\n<title>Accueil - Homme, n\u2019oublie jamais qu\u2019un fleuve est une vie (Bernard Clavel).<\/title>\n<meta name=\"description\" content=\"Le Chant des Rivi\u00e8res est une association loi 1901 cr\u00e9\u00e9e en 2015, dans le prolongement de l\u2019engagement citoyen de Loire Vivante pour prot\u00e9ger le \u00ab dernier fleuve sauvage d\u2019Europe \u00bb, menac\u00e9 par la construction de 4 grands barrages inutiles.\" \/>\n<meta name=\"robots\" content=\"index, follow, max-snippet:-1, max-image-preview:large, max-video-preview:-1\" \/>\n<link rel=\"canonical\" href=\"https:\/\/lechantdesrivieres.org\/\" \/>\n<meta property=\"og:locale\" content=\"en_US\" \/>\n<meta property=\"og:type\" content=\"article\" \/>\n<meta property=\"og:title\" content=\"Accueil - Homme, n\u2019oublie jamais qu\u2019un fleuve est une vie (Bernard Clavel).\" \/>\n<meta property=\"og:description\" content=\"Le Chant des Rivi\u00e8res est une association loi 1901 cr\u00e9\u00e9e en 2015, dans le prolongement de l\u2019engagement citoyen de Loire Vivante pour prot\u00e9ger le \u00ab dernier fleuve sauvage d\u2019Europe \u00bb, menac\u00e9 par la construction de 4 grands barrages inutiles.\" \/>\n<meta property=\"og:url\" content=\"https:\/\/lechantdesrivieres.org\/\" \/>\n<meta property=\"og:site_name\" content=\"Homme, n\u2019oublie jamais qu\u2019un fleuve est une vie (Bernard Clavel).\" \/>\n<meta property=\"article:modified_time\" content=\"2025-05-31T15:15:22+00:00\" \/>\n<meta name=\"twitter:card\" content=\"summary_large_image\" \/>\n<script type=\"application\/ld+json\" class=\"yoast-schema-graph\">{\"@context\":\"https:\/\/schema.org\",\"@graph\":[{\"@type\":\"WebPage\",\"@id\":\"https:\/\/lechantdesrivieres.org\/\",\"url\":\"https:\/\/lechantdesrivieres.org\/\",\"name\":\"Accueil - Homme, n\u2019oublie jamais qu\u2019un fleuve est une vie (Bernard Clavel).\",\"isPartOf\":{\"@id\":\"https:\/\/lechantdesrivieres.org\/#website\"},\"datePublished\":\"2025-02-22T13:02:20+00:00\",\"dateModified\":\"2025-05-31T15:15:22+00:00\",\"description\":\"Le Chant des Rivi\u00e8res est une association loi 1901 cr\u00e9\u00e9e en 2015, dans le prolongement de l\u2019engagement citoyen de Loire Vivante pour prot\u00e9ger le \u00ab dernier fleuve sauvage d\u2019Europe \u00bb, menac\u00e9 par la construction de 4 grands barrages inutiles.\",\"breadcrumb\":{\"@id\":\"https:\/\/lechantdesrivieres.org\/#breadcrumb\"},\"inLanguage\":\"en-US\",\"potentialAction\":[{\"@type\":\"ReadAction\",\"target\":[\"https:\/\/lechantdesrivieres.org\/\"]}]},{\"@type\":\"BreadcrumbList\",\"@id\":\"https:\/\/lechantdesrivieres.org\/#breadcrumb\",\"itemListElement\":[{\"@type\":\"ListItem\",\"position\":1,\"name\":\"Accueil\",\"item\":\"https:\/\/lechantdesrivieres.org\/\"},{\"@type\":\"ListItem\",\"position\":2,\"name\":\"Accueil\"}]},{\"@type\":\"WebSite\",\"@id\":\"https:\/\/lechantdesrivieres.org\/#website\",\"url\":\"https:\/\/lechantdesrivieres.org\/\",\"name\":\"Le chant des rivi\u00e8res\",\"description\":\"Un site utilisant WordPress\",\"publisher\":{\"@id\":\"https:\/\/lechantdesrivieres.org\/#organization\"},\"potentialAction\":[{\"@type\":\"SearchAction\",\"target\":{\"@type\":\"EntryPoint\",\"urlTemplate\":\"https:\/\/lechantdesrivieres.org\/?s={search_term_string}\"},\"query-input\":{\"@type\":\"PropertyValueSpecification\",\"valueRequired\":true,\"valueName\":\"search_term_string\"}}],\"inLanguage\":\"en-US\"},{\"@type\":\"Organization\",\"@id\":\"https:\/\/lechantdesrivieres.org\/#organization\",\"name\":\"Homme, n\u2019oublie jamais qu\u2019un fleuve est une vie (Bernard Clavel).\",\"url\":\"https:\/\/lechantdesrivieres.org\/\",\"logo\":{\"@type\":\"ImageObject\",\"inLanguage\":\"en-US\",\"@id\":\"https:\/\/lechantdesrivieres.org\/#\/schema\/logo\/image\/\",\"url\":\"https:\/\/lechantdesrivieres.org\/wp-content\/uploads\/2025\/05\/LogoLeChantDesRivieres.jpg\",\"contentUrl\":\"https:\/\/lechantdesrivieres.org\/wp-content\/uploads\/2025\/05\/LogoLeChantDesRivieres.jpg\",\"width\":224,\"height\":156,\"caption\":\"Homme, n\u2019oublie jamais qu\u2019un fleuve est une vie (Bernard Clavel).\"},\"image\":{\"@id\":\"https:\/\/lechantdesrivieres.org\/#\/schema\/logo\/image\/\"}}]}<\/script>\n<!-- \/ Yoast SEO plugin. -->","yoast_head_json":{"title":"Accueil - Homme, n\u2019oublie jamais qu\u2019un fleuve est une vie (Bernard Clavel).","description":"Le Chant des Rivi\u00e8res est une association loi 1901 cr\u00e9\u00e9e en 2015, dans le prolongement de l\u2019engagement citoyen de Loire Vivante pour prot\u00e9ger le \u00ab dernier fleuve sauvage d\u2019Europe \u00bb, menac\u00e9 par la construction de 4 grands barrages inutiles.","robots":{"index":"index","follow":"follow","max-snippet":"max-snippet:-1","max-image-preview":"max-image-preview:large","max-video-preview":"max-video-preview:-1"},"canonical":"https:\/\/lechantdesrivieres.org\/","og_locale":"en_US","og_type":"article","og_title":"Accueil - Homme, n\u2019oublie jamais qu\u2019un fleuve est une vie (Bernard Clavel).","og_description":"Le Chant des Rivi\u00e8res est une association loi 1901 cr\u00e9\u00e9e en 2015, dans le prolongement de l\u2019engagement citoyen de Loire Vivante pour prot\u00e9ger le \u00ab dernier fleuve sauvage d\u2019Europe \u00bb, menac\u00e9 par la construction de 4 grands barrages inutiles.","og_url":"https:\/\/lechantdesrivieres.org\/","og_site_name":"Homme, n\u2019oublie jamais qu\u2019un fleuve est une vie (Bernard Clavel).","article_modified_time":"2025-05-31T15:15:22+00:00","twitter_card":"summary_large_image","schema":{"@context":"https:\/\/schema.org","@graph":[{"@type":"WebPage","@id":"https:\/\/lechantdesrivieres.org\/","url":"https:\/\/lechantdesrivieres.org\/","name":"Accueil - Homme, n\u2019oublie jamais qu\u2019un fleuve est une vie (Bernard Clavel).","isPartOf":{"@id":"https:\/\/lechantdesrivieres.org\/#website"},"datePublished":"2025-02-22T13:02:20+00:00","dateModified":"2025-05-31T15:15:22+00:00","description":"Le Chant des Rivi\u00e8res est une association loi 1901 cr\u00e9\u00e9e en 2015, dans le prolongement de l\u2019engagement citoyen de Loire Vivante pour prot\u00e9ger le \u00ab dernier fleuve sauvage d\u2019Europe \u00bb, menac\u00e9 par la construction de 4 grands barrages inutiles.","breadcrumb":{"@id":"https:\/\/lechantdesrivieres.org\/#breadcrumb"},"inLanguage":"en-US","potentialAction":[{"@type":"ReadAction","target":["https:\/\/lechantdesrivieres.org\/"]}]},{"@type":"BreadcrumbList","@id":"https:\/\/lechantdesrivieres.org\/#breadcrumb","itemListElement":[{"@type":"ListItem","position":1,"name":"Accueil","item":"https:\/\/lechantdesrivieres.org\/"},{"@type":"ListItem","position":2,"name":"Accueil"}]},{"@type":"WebSite","@id":"https:\/\/lechantdesrivieres.org\/#website","url":"https:\/\/lechantdesrivieres.org\/","name":"Le chant des rivi\u00e8res","description":"Un site utilisant WordPress","publisher":{"@id":"https:\/\/lechantdesrivieres.org\/#organization"},"potentialAction":[{"@type":"SearchAction","target":{"@type":"EntryPoint","urlTemplate":"https:\/\/lechantdesrivieres.org\/?s={search_term_string}"},"query-input":{"@type":"PropertyValueSpecification","valueRequired":true,"valueName":"search_term_string"}}],"inLanguage":"en-US"},{"@type":"Organization","@id":"https:\/\/lechantdesrivieres.org\/#organization","name":"Homme, n\u2019oublie jamais qu\u2019un fleuve est une vie (Bernard Clavel).","url":"https:\/\/lechantdesrivieres.org\/","logo":{"@type":"ImageObject","inLanguage":"en-US","@id":"https:\/\/lechantdesrivieres.org\/#\/schema\/logo\/image\/","url":"https:\/\/lechantdesrivieres.org\/wp-content\/uploads\/2025\/05\/LogoLeChantDesRivieres.jpg","contentUrl":"https:\/\/lechantdesrivieres.org\/wp-content\/uploads\/2025\/05\/LogoLeChantDesRivieres.jpg","width":224,"height":156,"caption":"Homme, n\u2019oublie jamais qu\u2019un fleuve est une vie (Bernard Clavel)."},"image":{"@id":"https:\/\/lechantdesrivieres.org\/#\/schema\/logo\/image\/"}}]}},"_links":{"self":[{"href":"https:\/\/lechantdesrivieres.org\/index.php\/wp-json\/wp\/v2\/pages\/14","targetHints":{"allow":["GET"]}}],"collection":[{"href":"https:\/\/lechantdesrivieres.org\/index.php\/wp-json\/wp\/v2\/pages"}],"about":[{"href":"https:\/\/lechantdesrivieres.org\/index.php\/wp-json\/wp\/v2\/types\/page"}],"author":[{"embeddable":true,"href":"https:\/\/lechantdesrivieres.org\/index.php\/wp-json\/wp\/v2\/users\/1"}],"replies":[{"embeddable":true,"href":"https:\/\/lechantdesrivieres.org\/index.php\/wp-json\/wp\/v2\/comments?post=14"}],"version-history":[{"count":26,"href":"https:\/\/lechantdesrivieres.org\/index.php\/wp-json\/wp\/v2\/pages\/14\/revisions"}],"predecessor-version":[{"id":375,"href":"https:\/\/lechantdesrivieres.org\/index.php\/wp-json\/wp\/v2\/pages\/14\/revisions\/375"}],"wp:attachment":[{"href":"https:\/\/lechantdesrivieres.org\/index.php\/wp-json\/wp\/v2\/media?parent=14"}],"curies":[{"name":"wp","href":"https:\/\/api.w.org\/{rel}","templated":true}]}}